{"id":74,"date":"2021-01-18T16:20:15","date_gmt":"2021-01-18T16:20:15","guid":{"rendered":"http:\/\/wordpress.unikita.de\/?page_id=74"},"modified":"2025-07-16T14:56:13","modified_gmt":"2025-07-16T14:56:13","slug":"verein","status":"publish","type":"page","link":"https:\/\/unikita.de\/WordPress\/?page_id=74","title":{"rendered":"Verein"},"content":{"rendered":"\n<figure class=\"wp-block-image alignright size-full\"><img loading=\"lazy\" decoding=\"async\" width=\"200\" height=\"148\" src=\"https:\/\/unikita.de\/WordPress\/wp-content\/uploads\/2021\/01\/verein-200.jpg\" alt=\"\" class=\"wp-image-53\"\/><\/figure>\n\n\n\n<p>Der Verein Initiative Kindertagesst\u00e4tte an der Universit\u00e4t Kaiserslautern e.V. wurde 1994 von studierenden Eltern mit dem Ziel gegr\u00fcndet, Kinderbetreuung anzubieten. Angefangen hat alles in einem Seminarraum der Universit\u00e4t.<\/p>\n\n\n\n<p>Durch gro\u00dfes Engagement haben die Vereinsmitglieder viel erreicht. Aus dem Seminarraum sind zwei Kindertagesst\u00e4tten geworden. Insgesamt stehen Pl\u00e4tze f\u00fcr 111 Kinder mit professioneller Betreuung durch p\u00e4dagogische Fachkr\u00e4fte bereit. Das Team wird durch vier Hauswirtschaftskr\u00e4fte und zwei Verwaltungskr\u00e4fte erg\u00e4nzt.<\/p>\n\n\n\n<p>Die Kosten f\u00fcr die Kitas werden vom Land Rheinland-Pfalz, der Stadt Kaiserslautern, der Fraunhofer-Gesellschaft, der RPTU Kaiserslautern-Landau und dem Verein aufgebracht. Der Verein bringt seinen Anteil \u00fcber Spenden, sowie durch Arbeitsleistungen von Mitgliedern und Eltern ein.<\/p>\n\n\n\n<p>Zum Konzept der Kitas geh\u00f6rt eine enge Einbindung der Eltern in das Kita-Geschehen. Beispiele f\u00fcr Elternaktivit\u00e4ten sind die Organisation von Sommerfesten und die Pflege und Gestaltung des Au\u00dfengel\u00e4ndes der beiden Kitas.<\/p>\n\n\n\n<p>Eine intensive Zusammenarbeit und der Austausch zwischen Eltern und Kita-Team sind uns wichtig.<\/p>\n\n\n\n<h3 class=\"wp-block-heading\">Vereinssatzung<\/h3>\n\n\n\n<p>Der Verein soll es den Eltern erm\u00f6glichen, ihre Kinder im Rahmen der Einrichtung gemeinsam mit Fachkr\u00e4ften zu betreuen, und ihnen dar\u00fcber hinaus die M\u00f6glichkeit er\u00f6ffnen, sich \u00fcber Erziehungsfragen auszutauschen und sich in diesen zu unterst\u00fctzen. Zudem sollen die Eltern durch die Initiative in die Lage versetzt werden, das Verhalten ihres Kindes und das der anderen Kinder in einem gruppendynamischen Prozess zu beobachten, um dieses besser verstehen zu lernen und um Vorurteile abzubauen.<br>Die Kinder sollen in der Gruppe lernen, sich mit anderen Kindern der verschiedenen Altersstufen auseinanderzusetzen, das hei\u00dft sie sollen zu einer realit\u00e4tsbezogenen Einstellung zu ihrer Umwelt gelangen, um konfliktf\u00e4higer zu werden und um soziales Verhalten einzu\u00fcben.<\/p>\n\n\n\n<div class=\"wp-block-file\"><a id=\"wp-block-file--media-aee551b5-0857-4cff-9d96-b55ee8504bca\" href=\"https:\/\/unikita.de\/WordPress\/wp-content\/uploads\/2021\/01\/satzung_20121030.pdf\">Die komplette Satzung k\u00f6nnen Sie hier ansehen.<\/a><a href=\"https:\/\/unikita.de\/WordPress\/wp-content\/uploads\/2021\/01\/satzung_20121030.pdf\" class=\"wp-block-file__button wp-element-button\" download aria-describedby=\"wp-block-file--media-aee551b5-0857-4cff-9d96-b55ee8504bca\">Herunterladen<\/a><\/div>\n\n\n\n<p>Wenn Sie unseren Verein unterst\u00fctzen und Mitglied bei uns werden m\u00f6chten, so finden Sie hier unsere Beitrittserkl\u00e4rung:<\/p>\n\n\n\n<div class=\"wp-block-file\"><a id=\"wp-block-file--media-108ebdcd-32ad-4df0-8190-0b3994c8408f\" href=\"https:\/\/unikita.de\/WordPress\/wp-content\/uploads\/2023\/03\/Beitrittserklaerung_Verein.pdf\">Beitrittserkl\u00e4rung<\/a><a href=\"https:\/\/unikita.de\/WordPress\/wp-content\/uploads\/2023\/03\/Beitrittserklaerung_Verein.pdf\" class=\"wp-block-file__button wp-element-button\" download aria-describedby=\"wp-block-file--media-108ebdcd-32ad-4df0-8190-0b3994c8408f\">Herunterladen<\/a><\/div>\n\n\n\n<h3 class=\"wp-block-heading\">Gesch\u00e4ftsf\u00fchrung<\/h3>\n\n\n\n<p>Manuela Edinger-Wolf<br>Tel: (0631) 205780 &#8211; 7<br>E-Mail: verwaltung (at) unikita.de<\/p>\n\n\n\n<h3 class=\"wp-block-heading\">Aktueller Vorstand<\/h3>\n\n\n\n<p>Vorsitzende: Anna Lena Birkmeyer<br>Stellv. Vorsitzende: Philine Christmann<br>Schriftf\u00fchrer: Matthias Eimer<br>Kassenwart: Daniel Daugill<br>Beisitzer: Benedikt Buss<br>Beisitzer: Johannes Stra\u00dfner<\/p>\n\n\n\n<h3 class=\"wp-block-heading\">Aus der Geschichte des Vereins<\/h3>\n\n\n\n<ul class=\"wp-block-list\">\n<li>August 1994: Gr\u00fcndung des Vereins &#8222;Initiative Kindertagesst\u00e4tte an der Universit\u00e4t Kaiserslautern e. V.&#8220;<\/li>\n\n\n\n<li>Januar 1996: Zw\u00f6lf Kinder im Alter von bis zu 4 Jahren werden ganztags in einem ehemaligen Seminarraum in Geb\u00e4ude 36 betreut.<\/li>\n\n\n\n<li>September 1999: Erster Spatenstich f\u00fcr den Umbau des ehemaligen Forsthauses Pfaffenbergstra\u00dfe 87<\/li>\n\n\n\n<li>Sommer 2000: Zwei Gruppen von Kindern mit bis zu 6 Jahren k\u00f6nnen in das umgebaute Forsthaus einziehen.<\/li>\n\n\n\n<li>Herbst 2000: Eine Hauswirtschafterin wird eingestellt. Sie sorgt f\u00fcr frisches, kindgerechtes Essen.<\/li>\n\n\n\n<li>Sommer 2001: Der Anbau am alten Forsthaus kann bezogen werden, jetzt gibt es Platz f\u00fcr 40 Kinder in 3 Gruppen. Die Gestaltung des gro\u00dfen Au\u00dfengel\u00e4ndes wird nach &#8222;naturnahen&#8220; Gesichtspunkten weitergef\u00fchrt. Das Au\u00dfengel\u00e4nde wurde 2004 fertiggestellt.<\/li>\n\n\n\n<li>Januar 2006: Er\u00f6ffnung der Kita Klammer\u00e4ffchen mit zwei Krippengruppen f\u00fcr jeweils 10 Kindern am neuen Fraunhofer-Zentrum.<\/li>\n\n\n\n<li>Sommer 2015: Anbau und Erweiterung der Kita Klammer\u00e4ffchen um zwei altersgemischte Familiengruppen mit je 15 Kindern.<\/li>\n\n\n\n<li>Sommer 2021: Neue Betriebserlaubnis im Rahmen des neuen Kita-Gesetzes mit 46 Pl\u00e4tzen in der Uni-KiTa und 65 Pl\u00e4tzen im Klammer\u00e4ffchen.<\/li>\n<\/ul>\n\n\n\n<p>Der Uni-KiTa e.V. dankt allen, die sich \u00fcber lange Zeit f\u00fcr die KiTas und die Kinder eingesetzt haben.<br>Das Ergebnis kann sich sehen lassen und alle Beteiligten k\u00f6nnen sehr stolz sein!<\/p>\n\n\n\n<p><\/p>\n","protected":false},"excerpt":{"rendered":"<p>Der Verein Initiative Kindertagesst\u00e4tte an der Universit\u00e4t Kaiserslautern e.V. wurde 1994 von studierenden Eltern mit dem Ziel gegr\u00fcndet, Kinderbetreuung anzubieten. Angefangen hat alles in einem Seminarraum der Universit\u00e4t. Durch gro\u00dfes Engagement haben die Vereinsmitglieder viel erreicht. Aus dem Seminarraum sind zwei Kindertagesst\u00e4tten geworden. Insgesamt stehen Pl\u00e4tze f\u00fcr 111 Kinder mit professioneller Betreuung durch p\u00e4dagogische Fachkr\u00e4fte [&hellip;]<\/p>\n","protected":false},"author":1,"featured_media":0,"parent":0,"menu_order":0,"comment_status":"closed","ping_status":"closed","template":"","meta":{"site-sidebar-layout":"default","site-content-layout":"default","ast-site-content-layout":"default","site-content-style":"default","site-sidebar-style":"default","ast-global-header-display":"","ast-banner-title-visibility":"","ast-main-header-display":"","ast-hfb-above-header-display":"","ast-hfb-below-header-display":"","ast-hfb-mobile-header-display":"","site-post-title":"","ast-breadcrumbs-content":"","ast-featured-img":"","footer-sml-layout":"","theme-transparent-header-meta":"default","adv-header-id-meta":"","stick-header-meta":"","header-above-stick-meta":"","header-main-stick-meta":"","header-below-stick-meta":"","astra-migrate-meta-layouts":"set","ast-page-background-enabled":"default","ast-page-background-meta":{"desktop":{"background-color":"","background-image":"","background-repeat":"repeat","background-position":"center center","background-size":"auto","background-attachment":"scroll","background-type":"","background-media":"","overlay-type":"","overlay-color":"","overlay-opacity":"","overlay-gradient":""},"tablet":{"background-color":"","background-image":"","background-repeat":"repeat","background-position":"center center","background-size":"auto","background-attachment":"scroll","background-type":"","background-media":"","overlay-type":"","overlay-color":"","overlay-opacity":"","overlay-gradient":""},"mobile":{"background-color":"","background-image":"","background-repeat":"repeat","background-position":"center center","background-size":"auto","background-attachment":"scroll","background-type":"","background-media":"","overlay-type":"","overlay-color":"","overlay-opacity":"","overlay-gradient":""}},"ast-content-background-meta":{"desktop":{"background-color":"var(--ast-global-color-5)","background-image":"","background-repeat":"repeat","background-position":"center center","background-size":"auto","background-attachment":"scroll","background-type":"","background-media":"","overlay-type":"","overlay-color":"","overlay-opacity":"","overlay-gradient":""},"tablet":{"background-color":"var(--ast-global-color-5)","background-image":"","background-repeat":"repeat","background-position":"center center","background-size":"auto","background-attachment":"scroll","background-type":"","background-media":"","overlay-type":"","overlay-color":"","overlay-opacity":"","overlay-gradient":""},"mobile":{"background-color":"var(--ast-global-color-5)","background-image":"","background-repeat":"repeat","background-position":"center center","background-size":"auto","background-attachment":"scroll","background-type":"","background-media":"","overlay-type":"","overlay-color":"","overlay-opacity":"","overlay-gradient":""}},"footnotes":""},"class_list":["post-74","page","type-page","status-publish","hentry"],"_links":{"self":[{"href":"https:\/\/unikita.de\/WordPress\/index.php?rest_route=\/wp\/v2\/pages\/74","targetHints":{"allow":["GET"]}}],"collection":[{"href":"https:\/\/unikita.de\/WordPress\/index.php?rest_route=\/wp\/v2\/pages"}],"about":[{"href":"https:\/\/unikita.de\/WordPress\/index.php?rest_route=\/wp\/v2\/types\/page"}],"author":[{"embeddable":true,"href":"https:\/\/unikita.de\/WordPress\/index.php?rest_route=\/wp\/v2\/users\/1"}],"replies":[{"embeddable":true,"href":"https:\/\/unikita.de\/WordPress\/index.php?rest_route=%2Fwp%2Fv2%2Fcomments&post=74"}],"version-history":[{"count":17,"href":"https:\/\/unikita.de\/WordPress\/index.php?rest_route=\/wp\/v2\/pages\/74\/revisions"}],"predecessor-version":[{"id":438,"href":"https:\/\/unikita.de\/WordPress\/index.php?rest_route=\/wp\/v2\/pages\/74\/revisions\/438"}],"wp:attachment":[{"href":"https:\/\/unikita.de\/WordPress\/index.php?rest_route=%2Fwp%2Fv2%2Fmedia&parent=74"}],"curies":[{"name":"wp","href":"https:\/\/api.w.org\/{rel}","templated":true}]}}