{"id":24,"date":"2019-06-21T08:06:14","date_gmt":"2019-06-21T08:06:14","guid":{"rendered":"http:\/\/wordpress.unikita.de\/?page_id=24"},"modified":"2026-02-14T19:17:01","modified_gmt":"2026-02-14T19:17:01","slug":"klammeraeffchen","status":"publish","type":"page","link":"https:\/\/unikita.de\/WordPress\/?page_id=24","title":{"rendered":"Klammer\u00e4ffchen"},"content":{"rendered":"\n<p class=\"has-text-align-center\"><strong>F\u00fcr interessierte Familien findet an folgenden Terminen eine Hausbesichtigung statt:<\/strong><\/p>\n\n\n\n<p class=\"has-text-align-center\"><strong>Dienstag, 24. Februar 2026 09:00h<\/strong><\/p>\n\n\n\n<p class=\"has-text-align-center\"><strong>Dienstag, 17. M\u00e4rz 2026 09:00h<\/strong><\/p>\n\n\n\n<p class=\"has-text-align-center\"><strong>Dienstag, 21. April 2026  09:00 Uhr <\/strong><\/p>\n\n\n\n<p class=\"has-text-align-center\"><strong>Dienstag, 19. Mai 2026  09:00 Uhr <\/strong><\/p>\n\n\n\n<p class=\"has-text-align-center\"><strong>Dienstag, 16. Juni 2026  09:00 Uhr <\/strong><\/p>\n\n\n\n<p class=\"has-text-align-center\"><strong>Dienstag, 07. Juli 2026  09:00 Uhr <\/strong><\/p>\n\n\n\n<p class=\"has-text-align-center\"><strong>Dienstag, 25. August 2026  09:00 Uhr <\/strong><\/p>\n\n\n\n<p class=\"has-text-align-center\"><\/p>\n\n\n\n<p class=\"has-text-align-center\"><strong>Bitte melden Sie sich dazu per Mail an leitung (at) klammeraeffchen.de an.<\/strong><\/p>\n\n\n\n<hr class=\"wp-block-separator has-alpha-channel-opacity\"\/>\n\n\n\n<p>Die Kita Klammer\u00e4ffchen bietet in vier Gruppen insgesamt 65 Betreuungspl\u00e4tze f\u00fcr Kinder zwischen 0 und 6 Jahren an. Dabei sind 7 Pl\u00e4tze f\u00fcr Kinder unter 2 Jahren enthalten. <\/p>\n\n\n\n<p>In der Einrichtung stehen den Kindern neben den vier gro\u00dfz\u00fcgigen Gruppenr\u00e4umen diverse themenorientierte Nebenr\u00e4ume (Kreativraum, Bewegungsraum, Bauraum etc.) und pro Gruppe ein eigener Schlafraum zur Verf\u00fcgung. Das gro\u00dfe gr\u00fcne Au\u00dfengel\u00e4nde verf\u00fcgt \u00fcber einen Kletterturm, Schaukel und Rutschbahn und Sandbereich mit Wasser- und Matschstation. Au\u00dferdem gibt es eine \u00fcberdachte Tartanbahn, die den Klammer\u00e4ffchen vor allem als Bobby Car-Rennstrecke dient sowie eine begr\u00fcnte Dachterrasse mit Sandkasten, Matschtisch und Sonnenschutz.<\/p>\n\n\n\n<p>Durch die Kooperation mit den beiden ans\u00e4ssigen Fraunhofer-Instituten ist das Klammer\u00e4ffchen sehr modern ausgestattet &#8211; auch im digitalen Bereich. Mithilfe dieser sehr guten digitalen sowie auch s\u00e4chlichen Ausstattung k\u00f6nnen wir in unserem Erziehungsauftrag einen Schwerpunkt auf die MINT-F\u00e4cher legen. Daneben wurden wir bereits mehrfach als &#8222;Haus der kleinen Forscher&#8220; ausgezeichnet und integrieren das Forschen spielerisch in den Kita-Alltag. Sogar die Kleinsten sind schon hoch motiviert, hier mitzuforschen.<\/p>\n\n\n\n<figure class=\"wp-block-gallery has-nested-images columns-default is-cropped wp-block-gallery-1 is-layout-flex wp-block-gallery-is-layout-flex\">\n<figure class=\"wp-block-image size-full\"><img loading=\"lazy\" decoding=\"async\" width=\"300\" height=\"200\" data-id=\"109\" src=\"https:\/\/unikita.de\/WordPress\/wp-content\/uploads\/2021\/01\/marienkaefer.jpg\" alt=\"\" class=\"wp-image-109\"\/><\/figure>\n\n\n\n<figure class=\"wp-block-image size-full\"><img loading=\"lazy\" decoding=\"async\" width=\"300\" height=\"200\" data-id=\"106\" src=\"https:\/\/unikita.de\/WordPress\/wp-content\/uploads\/2021\/01\/klammeraeffchen_hi.jpg\" alt=\"\" class=\"wp-image-106\"\/><\/figure>\n\n\n\n<figure class=\"wp-block-image size-full\"><img loading=\"lazy\" decoding=\"async\" width=\"448\" height=\"336\" data-id=\"108\" src=\"https:\/\/unikita.de\/WordPress\/wp-content\/uploads\/2021\/01\/aussen_haus_schaukel.jpg\" alt=\"\" class=\"wp-image-108\" srcset=\"https:\/\/unikita.de\/WordPress\/wp-content\/uploads\/2021\/01\/aussen_haus_schaukel.jpg 448w, https:\/\/unikita.de\/WordPress\/wp-content\/uploads\/2021\/01\/aussen_haus_schaukel-300x225.jpg 300w\" sizes=\"auto, (max-width: 448px) 100vw, 448px\" \/><\/figure>\n<\/figure>\n\n\n\n<p><strong>Anschrift<\/strong><br>Fraunhofer-Platz 2<br>67663 Kaiserslautern<br>Tel. (0631) 205780 &#8211; 0<\/p>\n\n\n\n<p><strong>Leitung<\/strong><br>Frau Isabel Meier<br>Tel. (0631) 205780 &#8211; 0<br>E-Mail: leitung (at) klammeraeffchen.de<\/p>\n\n\n\n<p><strong>Verwaltung<\/strong><br>Frau Manuela Edinger-Wolf<br>Tel: (0631) 205780 &#8211; 7<br>E-Mail: verwaltung (at) unikita.de<\/p>\n\n\n\n<p><strong>\u00d6ffnungszeiten<\/strong><br>Mo-Fr 7:30-17:30 Uhr<\/p>\n\n\n\n<p><strong>Interner Bereich<\/strong>: <a href=\"https:\/\/unikita.de\/WordPress\/?p=332\" target=\"_blank\" rel=\"noreferrer noopener nofollow\">Klammer\u00e4ffchen &#8211; Intern<\/a><\/p>\n\n\n\n<p><\/p>\n","protected":false},"excerpt":{"rendered":"<p>F\u00fcr interessierte Familien findet an folgenden Terminen eine Hausbesichtigung statt: Dienstag, 24. Februar 2026 09:00h Dienstag, 17. M\u00e4rz 2026 09:00h Dienstag, 21. April 2026 09:00 Uhr Dienstag, 19. Mai 2026 09:00 Uhr Dienstag, 16. Juni 2026 09:00 Uhr Dienstag, 07. Juli 2026 09:00 Uhr Dienstag, 25. August 2026 09:00 Uhr Bitte melden Sie sich dazu [&hellip;]<\/p>\n","protected":false},"author":1,"featured_media":0,"parent":0,"menu_order":0,"comment_status":"closed","ping_status":"closed","template":"","meta":{"site-sidebar-layout":"default","site-content-layout":"default","ast-site-content-layout":"default","site-content-style":"default","site-sidebar-style":"default","ast-global-header-display":"","ast-banner-title-visibility":"","ast-main-header-display":"","ast-hfb-above-header-display":"","ast-hfb-below-header-display":"","ast-hfb-mobile-header-display":"","site-post-title":"","ast-breadcrumbs-content":"","ast-featured-img":"","footer-sml-layout":"","theme-transparent-header-meta":"default","adv-header-id-meta":"","stick-header-meta":"","header-above-stick-meta":"","header-main-stick-meta":"","header-below-stick-meta":"","astra-migrate-meta-layouts":"set","ast-page-background-enabled":"default","ast-page-background-meta":{"desktop":{"background-color":"","background-image":"","background-repeat":"repeat","background-position":"center center","background-size":"auto","background-attachment":"scroll","background-type":"","background-media":"","overlay-type":"","overlay-color":"","overlay-opacity":"","overlay-gradient":""},"tablet":{"background-color":"","background-image":"","background-repeat":"repeat","background-position":"center center","background-size":"auto","background-attachment":"scroll","background-type":"","background-media":"","overlay-type":"","overlay-color":"","overlay-opacity":"","overlay-gradient":""},"mobile":{"background-color":"","background-image":"","background-repeat":"repeat","background-position":"center center","background-size":"auto","background-attachment":"scroll","background-type":"","background-media":"","overlay-type":"","overlay-color":"","overlay-opacity":"","overlay-gradient":""}},"ast-content-background-meta":{"desktop":{"background-color":"var(--ast-global-color-5)","background-image":"","background-repeat":"repeat","background-position":"center center","background-size":"auto","background-attachment":"scroll","background-type":"","background-media":"","overlay-type":"","overlay-color":"","overlay-opacity":"","overlay-gradient":""},"tablet":{"background-color":"var(--ast-global-color-5)","background-image":"","background-repeat":"repeat","background-position":"center center","background-size":"auto","background-attachment":"scroll","background-type":"","background-media":"","overlay-type":"","overlay-color":"","overlay-opacity":"","overlay-gradient":""},"mobile":{"background-color":"var(--ast-global-color-5)","background-image":"","background-repeat":"repeat","background-position":"center center","background-size":"auto","background-attachment":"scroll","background-type":"","background-media":"","overlay-type":"","overlay-color":"","overlay-opacity":"","overlay-gradient":""}},"footnotes":""},"class_list":["post-24","page","type-page","status-publish","hentry"],"_links":{"self":[{"href":"https:\/\/unikita.de\/WordPress\/index.php?rest_route=\/wp\/v2\/pages\/24","targetHints":{"allow":["GET"]}}],"collection":[{"href":"https:\/\/unikita.de\/WordPress\/index.php?rest_route=\/wp\/v2\/pages"}],"about":[{"href":"https:\/\/unikita.de\/WordPress\/index.php?rest_route=\/wp\/v2\/types\/page"}],"author":[{"embeddable":true,"href":"https:\/\/unikita.de\/WordPress\/index.php?rest_route=\/wp\/v2\/users\/1"}],"replies":[{"embeddable":true,"href":"https:\/\/unikita.de\/WordPress\/index.php?rest_route=%2Fwp%2Fv2%2Fcomments&post=24"}],"version-history":[{"count":33,"href":"https:\/\/unikita.de\/WordPress\/index.php?rest_route=\/wp\/v2\/pages\/24\/revisions"}],"predecessor-version":[{"id":496,"href":"https:\/\/unikita.de\/WordPress\/index.php?rest_route=\/wp\/v2\/pages\/24\/revisions\/496"}],"wp:attachment":[{"href":"https:\/\/unikita.de\/WordPress\/index.php?rest_route=%2Fwp%2Fv2%2Fmedia&parent=24"}],"curies":[{"name":"wp","href":"https:\/\/api.w.org\/{rel}","templated":true}]}}