{"id":23,"date":"2019-06-21T08:06:14","date_gmt":"2019-06-21T08:06:14","guid":{"rendered":"http:\/\/wordpress.unikita.de\/?page_id=23"},"modified":"2025-01-06T13:05:48","modified_gmt":"2025-01-06T13:05:48","slug":"unikita","status":"publish","type":"page","link":"https:\/\/unikita.de\/WordPress\/?page_id=23","title":{"rendered":"Uni-KiTa"},"content":{"rendered":"\n<p><\/p>\n\n\n\n<p>Unsere Kindertagesst\u00e4tte in der Pfaffenbergstra\u00dfe besteht seit Sommer 2000. Dort bieten wir Platz f\u00fcr 46 Kinder in drei Gruppen, davon zwei altersgemischte Gruppen (bis zum Alter von 6 Jahren) und eine Krippengruppe (bis zum Alter von 3 Jahren). <\/p>\n\n\n\n<p>Unsere Konzeption stellt altersgem\u00e4\u00dfe F\u00f6rderung und fr\u00fchkindliche Bildung in den Mittelpunkt.<\/p>\n\n\n\n<div class=\"wp-block-file\"><a id=\"wp-block-file--media-3221b8e1-6f13-4167-9f22-aa3327fddc59\" href=\"https:\/\/unikita.de\/WordPress\/wp-content\/uploads\/2021\/01\/konzeption_uni-kita.pdf\">Konzeption der Uni-KiTa<\/a><a href=\"https:\/\/unikita.de\/WordPress\/wp-content\/uploads\/2021\/01\/konzeption_uni-kita.pdf\" class=\"wp-block-file__button wp-element-button\" download aria-describedby=\"wp-block-file--media-3221b8e1-6f13-4167-9f22-aa3327fddc59\">Herunterladen<\/a><\/div>\n\n\n\n<p>Neben den Gruppenr\u00e4umen stehen den Kindern eine Kuschelecke, ein Mehrzweckraum (meistens wird hier gebastelt) und ein Schlaf-\/ Turnraum zur Verf\u00fcgung. In den Gruppenr\u00e4umen k\u00f6nnen sich die Kinder beispielsweise in Bau- und Puppenecken verwirklichen. Das durch zahlreiche Elterneins\u00e4tze geschaffene Au\u00dfengel\u00e4nde hat einen Sand-Matsch-Bereich, Sandsteintiere, ein Baumhaus, eine Balancierschlange und vieles mehr.<\/p>\n\n\n\n<figure class=\"wp-block-gallery has-nested-images columns-default is-cropped wp-block-gallery-1 is-layout-flex wp-block-gallery-is-layout-flex\">\n<figure class=\"wp-block-image size-large\"><img loading=\"lazy\" decoding=\"async\" width=\"1024\" height=\"683\" data-id=\"241\" src=\"https:\/\/unikita.de\/WordPress\/wp-content\/uploads\/2023\/06\/KL2A9391-1024x683.jpg\" alt=\"\" class=\"wp-image-241\" srcset=\"https:\/\/unikita.de\/WordPress\/wp-content\/uploads\/2023\/06\/KL2A9391-1024x683.jpg 1024w, https:\/\/unikita.de\/WordPress\/wp-content\/uploads\/2023\/06\/KL2A9391-300x200.jpg 300w, https:\/\/unikita.de\/WordPress\/wp-content\/uploads\/2023\/06\/KL2A9391-768x512.jpg 768w, https:\/\/unikita.de\/WordPress\/wp-content\/uploads\/2023\/06\/KL2A9391-1536x1024.jpg 1536w, https:\/\/unikita.de\/WordPress\/wp-content\/uploads\/2023\/06\/KL2A9391-2048x1365.jpg 2048w\" sizes=\"auto, (max-width: 1024px) 100vw, 1024px\" \/><figcaption class=\"wp-element-caption\">Mehrfach zertifiziert als Haus der kleinen Forscher<\/figcaption><\/figure>\n\n\n\n<figure class=\"wp-block-image size-large\"><img loading=\"lazy\" decoding=\"async\" width=\"1024\" height=\"683\" data-id=\"245\" src=\"https:\/\/unikita.de\/WordPress\/wp-content\/uploads\/2023\/06\/KL2A9408-1024x683.jpg\" alt=\"\" class=\"wp-image-245\" srcset=\"https:\/\/unikita.de\/WordPress\/wp-content\/uploads\/2023\/06\/KL2A9408-1024x683.jpg 1024w, https:\/\/unikita.de\/WordPress\/wp-content\/uploads\/2023\/06\/KL2A9408-300x200.jpg 300w, https:\/\/unikita.de\/WordPress\/wp-content\/uploads\/2023\/06\/KL2A9408-768x512.jpg 768w, https:\/\/unikita.de\/WordPress\/wp-content\/uploads\/2023\/06\/KL2A9408-1536x1024.jpg 1536w, https:\/\/unikita.de\/WordPress\/wp-content\/uploads\/2023\/06\/KL2A9408-2048x1365.jpg 2048w\" sizes=\"auto, (max-width: 1024px) 100vw, 1024px\" \/><figcaption class=\"wp-element-caption\">Kreativwerkstatt<\/figcaption><\/figure>\n\n\n\n<figure class=\"wp-block-image size-large\"><img loading=\"lazy\" decoding=\"async\" width=\"1024\" height=\"683\" data-id=\"240\" src=\"https:\/\/unikita.de\/WordPress\/wp-content\/uploads\/2023\/06\/KL2A9389-1024x683.jpg\" alt=\"\" class=\"wp-image-240\" srcset=\"https:\/\/unikita.de\/WordPress\/wp-content\/uploads\/2023\/06\/KL2A9389-1024x683.jpg 1024w, https:\/\/unikita.de\/WordPress\/wp-content\/uploads\/2023\/06\/KL2A9389-300x200.jpg 300w, https:\/\/unikita.de\/WordPress\/wp-content\/uploads\/2023\/06\/KL2A9389-768x512.jpg 768w, https:\/\/unikita.de\/WordPress\/wp-content\/uploads\/2023\/06\/KL2A9389-1536x1024.jpg 1536w, https:\/\/unikita.de\/WordPress\/wp-content\/uploads\/2023\/06\/KL2A9389-2048x1365.jpg 2048w\" sizes=\"auto, (max-width: 1024px) 100vw, 1024px\" \/><figcaption class=\"wp-element-caption\">Forscherecke<\/figcaption><\/figure>\n<\/figure>\n\n\n\n<figure class=\"wp-block-gallery has-nested-images columns-default is-cropped wp-block-gallery-2 is-layout-flex wp-block-gallery-is-layout-flex\">\n<figure class=\"wp-block-image size-large\"><img loading=\"lazy\" decoding=\"async\" width=\"1024\" height=\"683\" data-id=\"236\" src=\"https:\/\/unikita.de\/WordPress\/wp-content\/uploads\/2023\/06\/KL2A9380-1024x683.jpg\" alt=\"\" class=\"wp-image-236\" srcset=\"https:\/\/unikita.de\/WordPress\/wp-content\/uploads\/2023\/06\/KL2A9380-1024x683.jpg 1024w, https:\/\/unikita.de\/WordPress\/wp-content\/uploads\/2023\/06\/KL2A9380-300x200.jpg 300w, https:\/\/unikita.de\/WordPress\/wp-content\/uploads\/2023\/06\/KL2A9380-768x512.jpg 768w, https:\/\/unikita.de\/WordPress\/wp-content\/uploads\/2023\/06\/KL2A9380-1536x1024.jpg 1536w, https:\/\/unikita.de\/WordPress\/wp-content\/uploads\/2023\/06\/KL2A9380-2048x1365.jpg 2048w\" sizes=\"auto, (max-width: 1024px) 100vw, 1024px\" \/><figcaption class=\"wp-element-caption\">Gruppenraum<\/figcaption><\/figure>\n\n\n\n<figure class=\"wp-block-image size-large\"><img loading=\"lazy\" decoding=\"async\" width=\"1024\" height=\"683\" data-id=\"235\" src=\"https:\/\/unikita.de\/WordPress\/wp-content\/uploads\/2023\/06\/KL2A9378-1024x683.jpg\" alt=\"\" class=\"wp-image-235\" srcset=\"https:\/\/unikita.de\/WordPress\/wp-content\/uploads\/2023\/06\/KL2A9378-1024x683.jpg 1024w, https:\/\/unikita.de\/WordPress\/wp-content\/uploads\/2023\/06\/KL2A9378-300x200.jpg 300w, https:\/\/unikita.de\/WordPress\/wp-content\/uploads\/2023\/06\/KL2A9378-768x512.jpg 768w, https:\/\/unikita.de\/WordPress\/wp-content\/uploads\/2023\/06\/KL2A9378-1536x1024.jpg 1536w, https:\/\/unikita.de\/WordPress\/wp-content\/uploads\/2023\/06\/KL2A9378-2048x1365.jpg 2048w\" sizes=\"auto, (max-width: 1024px) 100vw, 1024px\" \/><figcaption class=\"wp-element-caption\">Gruppenraum<\/figcaption><\/figure>\n\n\n\n<figure class=\"wp-block-image size-large\"><img loading=\"lazy\" decoding=\"async\" width=\"1024\" height=\"683\" data-id=\"238\" src=\"https:\/\/unikita.de\/WordPress\/wp-content\/uploads\/2023\/06\/KL2A9384-1024x683.jpg\" alt=\"\" class=\"wp-image-238\" srcset=\"https:\/\/unikita.de\/WordPress\/wp-content\/uploads\/2023\/06\/KL2A9384-1024x683.jpg 1024w, https:\/\/unikita.de\/WordPress\/wp-content\/uploads\/2023\/06\/KL2A9384-300x200.jpg 300w, https:\/\/unikita.de\/WordPress\/wp-content\/uploads\/2023\/06\/KL2A9384-768x512.jpg 768w, https:\/\/unikita.de\/WordPress\/wp-content\/uploads\/2023\/06\/KL2A9384-1536x1024.jpg 1536w, https:\/\/unikita.de\/WordPress\/wp-content\/uploads\/2023\/06\/KL2A9384-2048x1365.jpg 2048w\" sizes=\"auto, (max-width: 1024px) 100vw, 1024px\" \/><figcaption class=\"wp-element-caption\">Gruppenraum<\/figcaption><\/figure>\n<\/figure>\n\n\n\n<figure class=\"wp-block-gallery has-nested-images columns-default is-cropped wp-block-gallery-3 is-layout-flex wp-block-gallery-is-layout-flex\">\n<figure class=\"wp-block-image size-large\"><img loading=\"lazy\" decoding=\"async\" width=\"1024\" height=\"683\" data-id=\"234\" src=\"https:\/\/unikita.de\/WordPress\/wp-content\/uploads\/2023\/06\/KL2A9373-1024x683.jpg\" alt=\"\" class=\"wp-image-234\" srcset=\"https:\/\/unikita.de\/WordPress\/wp-content\/uploads\/2023\/06\/KL2A9373-1024x683.jpg 1024w, https:\/\/unikita.de\/WordPress\/wp-content\/uploads\/2023\/06\/KL2A9373-300x200.jpg 300w, https:\/\/unikita.de\/WordPress\/wp-content\/uploads\/2023\/06\/KL2A9373-768x512.jpg 768w, https:\/\/unikita.de\/WordPress\/wp-content\/uploads\/2023\/06\/KL2A9373-1536x1024.jpg 1536w, https:\/\/unikita.de\/WordPress\/wp-content\/uploads\/2023\/06\/KL2A9373-2048x1365.jpg 2048w\" sizes=\"auto, (max-width: 1024px) 100vw, 1024px\" \/><figcaption class=\"wp-element-caption\">Mehrzweckraum<\/figcaption><\/figure>\n\n\n\n<figure class=\"wp-block-image size-large\"><img loading=\"lazy\" decoding=\"async\" width=\"1024\" height=\"683\" data-id=\"239\" src=\"https:\/\/unikita.de\/WordPress\/wp-content\/uploads\/2023\/06\/KL2A9387-1024x683.jpg\" alt=\"\" class=\"wp-image-239\" srcset=\"https:\/\/unikita.de\/WordPress\/wp-content\/uploads\/2023\/06\/KL2A9387-1024x683.jpg 1024w, https:\/\/unikita.de\/WordPress\/wp-content\/uploads\/2023\/06\/KL2A9387-300x200.jpg 300w, https:\/\/unikita.de\/WordPress\/wp-content\/uploads\/2023\/06\/KL2A9387-768x512.jpg 768w, https:\/\/unikita.de\/WordPress\/wp-content\/uploads\/2023\/06\/KL2A9387-1536x1024.jpg 1536w, https:\/\/unikita.de\/WordPress\/wp-content\/uploads\/2023\/06\/KL2A9387-2048x1365.jpg 2048w\" sizes=\"auto, (max-width: 1024px) 100vw, 1024px\" \/><figcaption class=\"wp-element-caption\">Gangbereich<\/figcaption><\/figure>\n\n\n\n<figure class=\"wp-block-image size-large\"><img loading=\"lazy\" decoding=\"async\" width=\"1024\" height=\"683\" data-id=\"242\" src=\"https:\/\/unikita.de\/WordPress\/wp-content\/uploads\/2023\/06\/KL2A9397-1024x683.jpg\" alt=\"\" class=\"wp-image-242\" srcset=\"https:\/\/unikita.de\/WordPress\/wp-content\/uploads\/2023\/06\/KL2A9397-1024x683.jpg 1024w, https:\/\/unikita.de\/WordPress\/wp-content\/uploads\/2023\/06\/KL2A9397-300x200.jpg 300w, https:\/\/unikita.de\/WordPress\/wp-content\/uploads\/2023\/06\/KL2A9397-768x512.jpg 768w, https:\/\/unikita.de\/WordPress\/wp-content\/uploads\/2023\/06\/KL2A9397-1536x1024.jpg 1536w, https:\/\/unikita.de\/WordPress\/wp-content\/uploads\/2023\/06\/KL2A9397-2048x1365.jpg 2048w\" sizes=\"auto, (max-width: 1024px) 100vw, 1024px\" \/><figcaption class=\"wp-element-caption\">Schmetterlingswiese<\/figcaption><\/figure>\n<\/figure>\n\n\n\n<figure class=\"wp-block-gallery has-nested-images columns-default is-cropped wp-block-gallery-4 is-layout-flex wp-block-gallery-is-layout-flex\">\n<figure class=\"wp-block-image size-large\"><img loading=\"lazy\" decoding=\"async\" width=\"1024\" height=\"683\" data-id=\"246\" src=\"https:\/\/unikita.de\/WordPress\/wp-content\/uploads\/2023\/06\/KL2A9410-1024x683.jpg\" alt=\"\" class=\"wp-image-246\" srcset=\"https:\/\/unikita.de\/WordPress\/wp-content\/uploads\/2023\/06\/KL2A9410-1024x683.jpg 1024w, https:\/\/unikita.de\/WordPress\/wp-content\/uploads\/2023\/06\/KL2A9410-300x200.jpg 300w, https:\/\/unikita.de\/WordPress\/wp-content\/uploads\/2023\/06\/KL2A9410-768x512.jpg 768w, https:\/\/unikita.de\/WordPress\/wp-content\/uploads\/2023\/06\/KL2A9410-1536x1024.jpg 1536w, https:\/\/unikita.de\/WordPress\/wp-content\/uploads\/2023\/06\/KL2A9410-2048x1365.jpg 2048w\" sizes=\"auto, (max-width: 1024px) 100vw, 1024px\" \/><figcaption class=\"wp-element-caption\">Au\u00dfengel\u00e4nde<\/figcaption><\/figure>\n\n\n\n<figure class=\"wp-block-image size-large\"><img loading=\"lazy\" decoding=\"async\" width=\"1024\" height=\"683\" data-id=\"244\" src=\"https:\/\/unikita.de\/WordPress\/wp-content\/uploads\/2023\/06\/KL2A9402-1024x683.jpg\" alt=\"\" class=\"wp-image-244\" srcset=\"https:\/\/unikita.de\/WordPress\/wp-content\/uploads\/2023\/06\/KL2A9402-1024x683.jpg 1024w, https:\/\/unikita.de\/WordPress\/wp-content\/uploads\/2023\/06\/KL2A9402-300x200.jpg 300w, https:\/\/unikita.de\/WordPress\/wp-content\/uploads\/2023\/06\/KL2A9402-768x512.jpg 768w, https:\/\/unikita.de\/WordPress\/wp-content\/uploads\/2023\/06\/KL2A9402-1536x1024.jpg 1536w, https:\/\/unikita.de\/WordPress\/wp-content\/uploads\/2023\/06\/KL2A9402-2048x1365.jpg 2048w\" sizes=\"auto, (max-width: 1024px) 100vw, 1024px\" \/><figcaption class=\"wp-element-caption\">Au\u00dfengel\u00e4nde<\/figcaption><\/figure>\n\n\n\n<figure class=\"wp-block-image size-large\"><img loading=\"lazy\" decoding=\"async\" width=\"1024\" height=\"683\" data-id=\"243\" src=\"https:\/\/unikita.de\/WordPress\/wp-content\/uploads\/2023\/06\/KL2A9400-1024x683.jpg\" alt=\"\" class=\"wp-image-243\" srcset=\"https:\/\/unikita.de\/WordPress\/wp-content\/uploads\/2023\/06\/KL2A9400-1024x683.jpg 1024w, https:\/\/unikita.de\/WordPress\/wp-content\/uploads\/2023\/06\/KL2A9400-300x200.jpg 300w, https:\/\/unikita.de\/WordPress\/wp-content\/uploads\/2023\/06\/KL2A9400-768x512.jpg 768w, https:\/\/unikita.de\/WordPress\/wp-content\/uploads\/2023\/06\/KL2A9400-1536x1024.jpg 1536w, https:\/\/unikita.de\/WordPress\/wp-content\/uploads\/2023\/06\/KL2A9400-2048x1365.jpg 2048w\" sizes=\"auto, (max-width: 1024px) 100vw, 1024px\" \/><figcaption class=\"wp-element-caption\">Au\u00dfengel\u00e4nde<\/figcaption><\/figure>\n<\/figure>\n\n\n\n<p><strong>Anschrift<\/strong><br>Pfaffenbergstra\u00dfe 87<br>67663 Kaiserslautern<br>Tel.: (0631) 310 697 &#8211; 0<br>Fax: (0631) 310 697 &#8211; 15<br>E-Mail: kita (at) unikita.de<\/p>\n\n\n\n<p><strong>Leitung<\/strong><br>Frau Ludmilla Maier<br>Tel: (0631) 310 697 &#8211; 20<br>E-Mail: leitung (at) unikita.de<\/p>\n\n\n\n<p><strong>Verwaltung<\/strong><br>Frau Manuela Edinger-Wolf<br>Tel: (0631) 205780 &#8211; 7<br>E-Mail: verwaltung (at) unikita.de<\/p>\n\n\n\n<p><strong>\u00d6ffnungszeiten<\/strong><br>Mo-Fr 7:30-17:30 Uhr<\/p>\n\n\n\n<p><\/p>\n","protected":false},"excerpt":{"rendered":"<p>Unsere Kindertagesst\u00e4tte in der Pfaffenbergstra\u00dfe besteht seit Sommer 2000. Dort bieten wir Platz f\u00fcr 46 Kinder in drei Gruppen, davon zwei altersgemischte Gruppen (bis zum Alter von 6 Jahren) und eine Krippengruppe (bis zum Alter von 3 Jahren). Unsere Konzeption stellt altersgem\u00e4\u00dfe F\u00f6rderung und fr\u00fchkindliche Bildung in den Mittelpunkt. Neben den Gruppenr\u00e4umen stehen den Kindern [&hellip;]<\/p>\n","protected":false},"author":1,"featured_media":0,"parent":0,"menu_order":0,"comment_status":"closed","ping_status":"closed","template":"","meta":{"site-sidebar-layout":"default","site-content-layout":"default","ast-site-content-layout":"default","site-content-style":"default","site-sidebar-style":"default","ast-global-header-display":"","ast-banner-title-visibility":"","ast-main-header-display":"","ast-hfb-above-header-display":"","ast-hfb-below-header-display":"","ast-hfb-mobile-header-display":"","site-post-title":"","ast-breadcrumbs-content":"","ast-featured-img":"","footer-sml-layout":"","theme-transparent-header-meta":"default","adv-header-id-meta":"","stick-header-meta":"","header-above-stick-meta":"","header-main-stick-meta":"","header-below-stick-meta":"","astra-migrate-meta-layouts":"default","ast-page-background-enabled":"default","ast-page-background-meta":{"desktop":{"background-color":"","background-image":"","background-repeat":"repeat","background-position":"center center","background-size":"auto","background-attachment":"scroll","background-type":"","background-media":"","overlay-type":"","overlay-color":"","overlay-opacity":"","overlay-gradient":""},"tablet":{"background-color":"","background-image":"","background-repeat":"repeat","background-position":"center center","background-size":"auto","background-attachment":"scroll","background-type":"","background-media":"","overlay-type":"","overlay-color":"","overlay-opacity":"","overlay-gradient":""},"mobile":{"background-color":"","background-image":"","background-repeat":"repeat","background-position":"center center","background-size":"auto","background-attachment":"scroll","background-type":"","background-media":"","overlay-type":"","overlay-color":"","overlay-opacity":"","overlay-gradient":""}},"ast-content-background-meta":{"desktop":{"background-color":"var(--ast-global-color-5)","background-image":"","background-repeat":"repeat","background-position":"center center","background-size":"auto","background-attachment":"scroll","background-type":"","background-media":"","overlay-type":"","overlay-color":"","overlay-opacity":"","overlay-gradient":""},"tablet":{"background-color":"var(--ast-global-color-5)","background-image":"","background-repeat":"repeat","background-position":"center center","background-size":"auto","background-attachment":"scroll","background-type":"","background-media":"","overlay-type":"","overlay-color":"","overlay-opacity":"","overlay-gradient":""},"mobile":{"background-color":"var(--ast-global-color-5)","background-image":"","background-repeat":"repeat","background-position":"center center","background-size":"auto","background-attachment":"scroll","background-type":"","background-media":"","overlay-type":"","overlay-color":"","overlay-opacity":"","overlay-gradient":""}},"footnotes":""},"class_list":["post-23","page","type-page","status-publish","hentry"],"_links":{"self":[{"href":"https:\/\/unikita.de\/WordPress\/index.php?rest_route=\/wp\/v2\/pages\/23","targetHints":{"allow":["GET"]}}],"collection":[{"href":"https:\/\/unikita.de\/WordPress\/index.php?rest_route=\/wp\/v2\/pages"}],"about":[{"href":"https:\/\/unikita.de\/WordPress\/index.php?rest_route=\/wp\/v2\/types\/page"}],"author":[{"embeddable":true,"href":"https:\/\/unikita.de\/WordPress\/index.php?rest_route=\/wp\/v2\/users\/1"}],"replies":[{"embeddable":true,"href":"https:\/\/unikita.de\/WordPress\/index.php?rest_route=%2Fwp%2Fv2%2Fcomments&post=23"}],"version-history":[{"count":33,"href":"https:\/\/unikita.de\/WordPress\/index.php?rest_route=\/wp\/v2\/pages\/23\/revisions"}],"predecessor-version":[{"id":313,"href":"https:\/\/unikita.de\/WordPress\/index.php?rest_route=\/wp\/v2\/pages\/23\/revisions\/313"}],"wp:attachment":[{"href":"https:\/\/unikita.de\/WordPress\/index.php?rest_route=%2Fwp%2Fv2%2Fmedia&parent=23"}],"curies":[{"name":"wp","href":"https:\/\/api.w.org\/{rel}","templated":true}]}}