{"id":13,"date":"2019-06-21T07:45:34","date_gmt":"2019-06-21T07:45:34","guid":{"rendered":"http:\/\/wordpress.unikita.de\/?page_id=13"},"modified":"2026-03-08T08:09:54","modified_gmt":"2026-03-08T08:09:54","slug":"startseite","status":"publish","type":"page","link":"https:\/\/unikita.de\/WordPress\/","title":{"rendered":"Herzlich willkommen"},"content":{"rendered":"\n<p><\/p>\n\n\n\n<p>auf den Seiten unseres Vereins &#8222;Initiative Kindertagesst\u00e4tte an der Universit\u00e4t Kaiserslautern e.V.&#8220;. Als Elterninitiative zur Betreuung der Kinder von Studierenden gestartet sind wir mittlerweile Tr\u00e4ger zweier mittelgro\u00dfen Kindertagesst\u00e4tten in Kaiserslautern, in denen wir in Kooperation mit der RPTU in Kaiserslautern und den Fraunhofer-Instituten insgesamt 111 Betreuungspl\u00e4tze f\u00fcr Kinder von 0 bis 6 Jahren anbieten k\u00f6nnen.  <\/p>\n\n\n\n<p>Gerne m\u00f6chten wir Ihnen auf diesen Seiten sowohl unseren Verein als auch unsere beiden Einrichtungen, das Klammer\u00e4ffchen und die Uni-KiTa vorstellen.<\/p>\n\n\n\n<p><strong>Aktuelle Stellenausschreibungen Uni-KiTa &amp; Klammer\u00e4ffchen:<\/strong><\/p>\n\n\n\n<div data-wp-interactive=\"core\/file\" class=\"wp-block-file\"><object data-wp-bind--hidden=\"!state.hasPdfPreview\" hidden class=\"wp-block-file__embed\" data=\"https:\/\/unikita.de\/WordPress\/wp-content\/uploads\/2026\/03\/Stellenanzeige-Hand_paedagogische-Fachkraft-neu.pdf\" type=\"application\/pdf\" style=\"width:100%;height:600px\" aria-label=\"Einbettung von Stellenanzeige Hand_pa\u0308dagogische Fachkraft neu.\"><\/object><a id=\"wp-block-file--media-f3184e94-9d45-449c-a541-8a30b8bf567e\" href=\"https:\/\/unikita.de\/WordPress\/wp-content\/uploads\/2026\/03\/Stellenanzeige-Hand_paedagogische-Fachkraft-neu.pdf\">Stellenanzeige Hand_pa\u0308dagogische Fachkraft neu<\/a><a href=\"https:\/\/unikita.de\/WordPress\/wp-content\/uploads\/2026\/03\/Stellenanzeige-Hand_paedagogische-Fachkraft-neu.pdf\" class=\"wp-block-file__button wp-element-button\" download aria-describedby=\"wp-block-file--media-f3184e94-9d45-449c-a541-8a30b8bf567e\">Herunterladen<\/a><\/div>\n\n\n\n<figure class=\"wp-block-gallery has-nested-images columns-default is-cropped wp-block-gallery-1 is-layout-flex wp-block-gallery-is-layout-flex\"><\/figure>\n","protected":false},"excerpt":{"rendered":"<p>auf den Seiten unseres Vereins &#8222;Initiative Kindertagesst\u00e4tte an der Universit\u00e4t Kaiserslautern e.V.&#8220;. Als Elterninitiative zur Betreuung der Kinder von Studierenden gestartet sind wir mittlerweile Tr\u00e4ger zweier mittelgro\u00dfen Kindertagesst\u00e4tten in Kaiserslautern, in denen wir in Kooperation mit der RPTU in Kaiserslautern und den Fraunhofer-Instituten insgesamt 111 Betreuungspl\u00e4tze f\u00fcr Kinder von 0 bis 6 Jahren anbieten k\u00f6nnen. [&hellip;]<\/p>\n","protected":false},"author":1,"featured_media":0,"parent":0,"menu_order":0,"comment_status":"closed","ping_status":"closed","template":"","meta":{"site-sidebar-layout":"no-sidebar","site-content-layout":"default","ast-site-content-layout":"default","site-content-style":"default","site-sidebar-style":"default","ast-global-header-display":"","ast-banner-title-visibility":"","ast-main-header-display":"","ast-hfb-above-header-display":"","ast-hfb-below-header-display":"","ast-hfb-mobile-header-display":"","site-post-title":"","ast-breadcrumbs-content":"","ast-featured-img":"disabled","footer-sml-layout":"","theme-transparent-header-meta":"default","adv-header-id-meta":"","stick-header-meta":"","header-above-stick-meta":"","header-main-stick-meta":"","header-below-stick-meta":"","astra-migrate-meta-layouts":"set","ast-page-background-enabled":"default","ast-page-background-meta":{"desktop":{"background-color":"","background-image":"","background-repeat":"repeat","background-position":"center center","background-size":"auto","background-attachment":"scroll","background-type":"","background-media":"","overlay-type":"","overlay-color":"","overlay-opacity":"","overlay-gradient":""},"tablet":{"background-color":"","background-image":"","background-repeat":"repeat","background-position":"center center","background-size":"auto","background-attachment":"scroll","background-type":"","background-media":"","overlay-type":"","overlay-color":"","overlay-opacity":"","overlay-gradient":""},"mobile":{"background-color":"","background-image":"","background-repeat":"repeat","background-position":"center center","background-size":"auto","background-attachment":"scroll","background-type":"","background-media":"","overlay-type":"","overlay-color":"","overlay-opacity":"","overlay-gradient":""}},"ast-content-background-meta":{"desktop":{"background-color":"var(--ast-global-color-5)","background-image":"","background-repeat":"repeat","background-position":"center center","background-size":"auto","background-attachment":"scroll","background-type":"","background-media":"","overlay-type":"","overlay-color":"","overlay-opacity":"","overlay-gradient":""},"tablet":{"background-color":"var(--ast-global-color-5)","background-image":"","background-repeat":"repeat","background-position":"center center","background-size":"auto","background-attachment":"scroll","background-type":"","background-media":"","overlay-type":"","overlay-color":"","overlay-opacity":"","overlay-gradient":""},"mobile":{"background-color":"var(--ast-global-color-5)","background-image":"","background-repeat":"repeat","background-position":"center center","background-size":"auto","background-attachment":"scroll","background-type":"","background-media":"","overlay-type":"","overlay-color":"","overlay-opacity":"","overlay-gradient":""}},"footnotes":""},"class_list":["post-13","page","type-page","status-publish","hentry"],"_links":{"self":[{"href":"https:\/\/unikita.de\/WordPress\/index.php?rest_route=\/wp\/v2\/pages\/13","targetHints":{"allow":["GET"]}}],"collection":[{"href":"https:\/\/unikita.de\/WordPress\/index.php?rest_route=\/wp\/v2\/pages"}],"about":[{"href":"https:\/\/unikita.de\/WordPress\/index.php?rest_route=\/wp\/v2\/types\/page"}],"author":[{"embeddable":true,"href":"https:\/\/unikita.de\/WordPress\/index.php?rest_route=\/wp\/v2\/users\/1"}],"replies":[{"embeddable":true,"href":"https:\/\/unikita.de\/WordPress\/index.php?rest_route=%2Fwp%2Fv2%2Fcomments&post=13"}],"version-history":[{"count":51,"href":"https:\/\/unikita.de\/WordPress\/index.php?rest_route=\/wp\/v2\/pages\/13\/revisions"}],"predecessor-version":[{"id":505,"href":"https:\/\/unikita.de\/WordPress\/index.php?rest_route=\/wp\/v2\/pages\/13\/revisions\/505"}],"wp:attachment":[{"href":"https:\/\/unikita.de\/WordPress\/index.php?rest_route=%2Fwp%2Fv2%2Fmedia&parent=13"}],"curies":[{"name":"wp","href":"https:\/\/api.w.org\/{rel}","templated":true}]}}